    {"id":23879,"date":"2025-01-06T18:26:25","date_gmt":"2025-01-06T21:26:25","guid":{"rendered":"https:\/\/gersonguelmann.com.br\/blog\/?page_id=23879"},"modified":"2025-01-06T18:26:25","modified_gmt":"2025-01-06T21:26:25","slug":"um-milhao-e-seiscentas-mil-arvores-seis-filhos-falta-o-livro","status":"publish","type":"page","link":"https:\/\/gersonguelmann.com.br\/blog\/um-milhao-e-seiscentas-mil-arvores-seis-filhos-falta-o-livro\/","title":{"rendered":"Um Milh\u00e3o e Seiscentas Mil \u00c1rvores, Seis Filhos. Falta o Livro."},"content":{"rendered":"<p><span style=\"color: #000000; font-family: tahoma, arial, helvetica, sans-serif; font-size: 18pt;\">Sempre ouvi a express\u00e3o &#8220;<strong>um ser humano precisa plantar uma \u00e1rvore, ter um filho e escrever um livro<\/strong>&#8220;, usada como uma esp\u00e9cie de mandamento para marcar nossa passagem pela Terra. Essa frase reflete a ideia de que, ap\u00f3s nossa partida, deixar\u00edamos ao mundo um legado duradouro no meio ambiente, na fam\u00edlia e na cultura. A frase \u00e9 atribu\u00edda ao poeta e fil\u00f3sofo cubano Jos\u00e9 Mart\u00ed, mas n\u00e3o h\u00e1 seguran\u00e7a de que realmente seja dele.<\/span><\/p>\n<p><span style=\"font-family: tahoma, arial, helvetica, sans-serif; font-size: 18pt; color: #000000;\">Para esta primeira coluna de 2025, resolvi antecipar aos meus queridos amigos e leitores o desejo de tentar, antes do final do ano, cumprir o \u00faltimo desses requisitos. Ent\u00e3o, anote em sua agenda:<\/span><\/p>\n<ul>\n<li><span style=\"font-family: tahoma, arial, helvetica, sans-serif; font-size: 18pt; color: #000000;\"><strong>No dia 8 de novembro, s\u00e1bado<\/strong>, quando, <em>BeEzrat haShem<\/em> <span style=\"font-family: georgia, palatino, serif; font-size: 14pt; color: #333333;\">(\u2217)<\/span>, estarei completando meu 78\u00ba anivers\u00e1rio, lan\u00e7arei meu livro, em local a ser definido. Se ser\u00e1 o primeiro ou \u00fanico, apenas <em>O Eterno<\/em> sabe.<\/span><\/li>\n<\/ul>\n<p><span style=\"color: #000000; font-family: tahoma, arial, helvetica, sans-serif; font-size: 18pt;\">Agora, vamos \u00e0 explica\u00e7\u00e3o do que j\u00e1 foi cumprido, come\u00e7ando justamente pelo que parece exagerado: as \u00e1rvores, que vieram antes dos filhos.<\/span><\/p>\n<p><span style=\"color: #000000; font-family: tahoma, arial, helvetica, sans-serif; font-size: 18pt;\">No long\u00ednquo 1967, o Governo Brasileiro criou o IBDF (<em>Instituto Brasileiro de Desenvolvimento Florestal<\/em>) para incentivar pol\u00edticas de florestamento e reflorestamento, com o benef\u00edcio fiscal da dedu\u00e7\u00e3o de parte do Imposto de Renda de pessoas jur\u00eddicas que investissem em projetos. No ano seguinte, aos 21 anos e j\u00e1 trabalhando na ind\u00fastria de m\u00f3veis da fam\u00edlia, recebi dos tios a incumb\u00eancia de administrar a \u00e1rea de terras adquirida por nosso av\u00f4 Salom\u00e3o Guelmann na localidade conhecida como Desvio Ribas, no munic\u00edpio de Ponta Grossa.<\/span><\/p>\n<p><span style=\"color: #000000; font-family: tahoma, arial, helvetica, sans-serif; font-size: 18pt;\">A compra foi feita nos anos 1940 com a finalidade expressa de acolher imigrantes judeus, devido ao decreto do governo Vargas que controlava a entrada de imigrantes, priorizando agricultores, ou seja, pessoas dispostas a trabalhar na terra. Esse assunto ainda ser\u00e1 contado por mim.<\/span><\/p>\n<p><span style=\"color: #000000; font-family: tahoma, arial, helvetica, sans-serif; font-size: 18pt;\">Na verdade, a Fazenda Guabiroba vinha sendo subutilizada, restando apenas um plantio de eucaliptos feito pelo vov\u00f4 para a produ\u00e7\u00e3o de carv\u00e3o e a cria\u00e7\u00e3o, em sociedade com outra pessoa, de umas poucas cabe\u00e7as de gado. De bom havia a casa da sede, razoavelmente usada pela fam\u00edlia, e a localiza\u00e7\u00e3o \u00e0s margens da Rodovia do Caf\u00e9. Antes de existir a estrada, o acesso \u00e0 fazenda era por trem que sa\u00eda de Curitiba e parava na esta\u00e7\u00e3o de Desvio Ribas antes de seguir a Ponta Grossa.<\/span><\/p>\n<p><span style=\"color: #000000; font-family: tahoma, arial, helvetica, sans-serif; font-size: 18pt;\">Para a elabora\u00e7\u00e3o do projeto foi necess\u00e1ria a contrata\u00e7\u00e3o de t\u00e9cnicos, come\u00e7ando pelo agrimensor \u00canio Rubens Scheffer. Nesse momento, houve uma certa surpresa, porque o levantamento revelou uma \u00e1rea total menor do que se imaginava: <strong>448 alqueires<\/strong>. Detalhe curioso \u00e9 que a escritura original mencionava &#8220;mais ou menos X alqueires&#8221;, como, parece, era usual nos documentos da \u00e9poca.<\/span><\/p>\n<p><span style=\"color: #000000; font-family: tahoma, arial, helvetica, sans-serif; font-size: 18pt;\">Lembro ainda dos limites: rio Tibagi (divisa com o munic\u00edpio de Palmeira), ribeir\u00e3o Quebra-Perna e a \u00e1rea da fam\u00edlia de Adolpho de Oliveira Franco, nossos vizinhos que, durante d\u00e9cadas, nos permitiram a &#8220;servid\u00e3o de passagem&#8221;. Outro profissional contratado foi o engenheiro florestal Jos\u00e9 Geraldo de Ara\u00fajo Carneiro, que nos assessorou desde a montagem do viveiro de mudas at\u00e9 o plantio da \u00faltima \u00e1rvore. Ambos eram profissionais de enorme dedica\u00e7\u00e3o e compet\u00eancia, e a eles agrade\u00e7o pela paci\u00eancia com o jovem que tanto os perturbou. O resultado foi o reconhecimento pelo IBDF como reflorestamento-padr\u00e3o.<\/span><\/p>\n<p><span style=\"color: #000000; font-family: tahoma, arial, helvetica, sans-serif; font-size: 18pt;\">No que concerne ao viveiro, um orgulho pessoal: do total de <strong>1.600.000<\/strong> \u00e1rvores, apenas <strong>28.000<\/strong> foram mudas adquiridas. Ou seja, a quase totalidade do plantio foi de mudas geradas a partir de sementes. Foi necess\u00e1ria a compra de um trator de esteiras para abertura de estradas entre os &#8220;talh\u00f5es&#8221;, tanto para a seguran\u00e7a contra inc\u00eandios quanto para a futura extra\u00e7\u00e3o da madeira.<\/span><\/p>\n<p><span style=\"color: #000000; font-family: tahoma, arial, helvetica, sans-serif; font-size: 18pt;\">Em uma ocasi\u00e3o, um pequeno avi\u00e3o que havia sa\u00eddo de Santa Maria (RS) com destino a Ponta Grossa pousou em uma dessas estradas devido a uma forte chuva.<\/span><\/p>\n<p><span style=\"color: #000000; font-family: tahoma, arial, helvetica, sans-serif; font-size: 18pt;\">Natural que surja a pergunta: o que foi feito de tudo aquilo? Tristes lembran\u00e7as&#8230; Me desliguei da empresa em 1974, mas, por acordo com os tios e primos, continuei administrando a fazenda at\u00e9 que, no bojo de uma crise financeira, houve a necessidade de vend\u00ea-la. Desligar-me de tudo aquilo foi t\u00e3o doloroso que, durante muitos anos, sempre que ia a Ponta Grossa, onde ainda tenho familiares, desviava o caminho pela cidade de Palmeira.<\/span><\/p>\n<p><span style=\"color: #000000; font-family: tahoma, arial, helvetica, sans-serif; font-size: 18pt;\">O segundo quesito foi cumprido em duas etapas: quatro filhos vieram com o primeiro casamento e outros dois ganhei no segundo.<\/span><\/p>\n<p><span style=\"color: #000000; font-family: tahoma, arial, helvetica, sans-serif; font-size: 18pt;\">Em um processo introspectivo, absolutamente sincero, digo que tenho plena convic\u00e7\u00e3o de que deixarei ao universo gente muito melhor do que eu, gra\u00e7as \u00e0s m\u00e3es deles. Tentei ser um pai melhor do que o que tive; espero ter me sa\u00eddo bem.<br \/>\n<\/span><span style=\"color: #333333;\"><span style=\"font-family: tahoma, arial, helvetica, sans-serif; font-size: 18pt;\"><em><strong><span style=\"font-family: georgia, palatino, serif; font-size: 14pt;\">(\u2217) <\/span><\/strong><\/em><\/span><em><strong>B\u2019Ezrat Hashem \u00e9 a express\u00e3o hebraica que nos lembra da presen\u00e7a e o comando de D&#8217;us. Serve para reconhecer que embora nosso desejo e esfor\u00e7o, o resultado final est\u00e1 nas m\u00e3os d&#8217;Ele.<\/strong><\/em><\/span><\/p>\n<p style=\"text-align: center;\"><img data-recalc-dims=\"1\" fetchpriority=\"high\" decoding=\"async\" data-attachment-id=\"23880\" data-permalink=\"https:\/\/gersonguelmann.com.br\/blog\/um-milhao-e-seiscentas-mil-arvores-seis-filhos-falta-o-livro\/hojepr-273\/\" data-orig-file=\"https:\/\/i0.wp.com\/gersonguelmann.com.br\/blog\/wp-content\/uploads\/2025\/01\/HojePR-12.png?fit=1400%2C1027&amp;ssl=1\" data-orig-size=\"1400,1027\" data-comments-opened=\"1\" data-image-meta=\"{&quot;aperture&quot;:&quot;0&quot;,&quot;credit&quot;:&quot;&quot;,&quot;camera&quot;:&quot;&quot;,&quot;caption&quot;:&quot;&quot;,&quot;created_timestamp&quot;:&quot;0&quot;,&quot;copyright&quot;:&quot;&quot;,&quot;focal_length&quot;:&quot;0&quot;,&quot;iso&quot;:&quot;0&quot;,&quot;shutter_speed&quot;:&quot;0&quot;,&quot;title&quot;:&quot;&quot;,&quot;orientation&quot;:&quot;0&quot;}\" data-image-title=\"HojePR\" data-image-description=\"\" data-image-caption=\"\" data-large-file=\"https:\/\/i0.wp.com\/gersonguelmann.com.br\/blog\/wp-content\/uploads\/2025\/01\/HojePR-12.png?fit=640%2C469&amp;ssl=1\" class=\"alignnone size-medium wp-image-23880\" src=\"https:\/\/i0.wp.com\/gersonguelmann.com.br\/blog\/wp-content\/uploads\/2025\/01\/HojePR-12.png?resize=300%2C220&#038;ssl=1\" alt=\"\" width=\"300\" height=\"220\" srcset=\"https:\/\/i0.wp.com\/gersonguelmann.com.br\/blog\/wp-content\/uploads\/2025\/01\/HojePR-12.png?resize=300%2C220&amp;ssl=1 300w, https:\/\/i0.wp.com\/gersonguelmann.com.br\/blog\/wp-content\/uploads\/2025\/01\/HojePR-12.png?resize=1024%2C751&amp;ssl=1 1024w, https:\/\/i0.wp.com\/gersonguelmann.com.br\/blog\/wp-content\/uploads\/2025\/01\/HojePR-12.png?resize=768%2C563&amp;ssl=1 768w, https:\/\/i0.wp.com\/gersonguelmann.com.br\/blog\/wp-content\/uploads\/2025\/01\/HojePR-12.png?w=1400&amp;ssl=1 1400w, https:\/\/i0.wp.com\/gersonguelmann.com.br\/blog\/wp-content\/uploads\/2025\/01\/HojePR-12.png?w=1280&amp;ssl=1 1280w\" sizes=\"(max-width: 300px) 100vw, 300px\" \/><\/p>\n<p style=\"text-align: center;\">\n","protected":false},"excerpt":{"rendered":"<p>Sempre ouvi a express\u00e3o &#8220;um ser humano precisa plantar uma \u00e1rvore, ter um filho e escrever um livro&#8220;, usada como uma esp\u00e9cie de mandamento para marcar nossa passagem pela Terra. Essa frase reflete a ideia de que, ap\u00f3s nossa partida, deixar\u00edamos ao mundo um legado duradouro no meio ambiente, na fam\u00edlia e na cultura. A [&hellip;]<\/p>\n","protected":false},"author":5,"featured_media":0,"parent":0,"menu_order":0,"comment_status":"closed","ping_status":"closed","template":"","meta":{"_acf_changed":false,"footnotes":""},"class_list":["post-23879","page","type-page","status-publish","hentry"],"acf":[],"yoast_head":"<!-- This site is optimized with the Yoast SEO plugin v27.5 - https:\/\/yoast.com\/product\/yoast-seo-wordpress\/ -->\n<title>Um Milh\u00e3o e Seiscentas Mil \u00c1rvores, Seis Filhos. Falta o Livro. | Blog do Guelmann<\/title>\n<meta name=\"robots\" content=\"index, follow, max-snippet:-1, max-image-preview:large, max-video-preview:-1\" \/>\n<link rel=\"canonical\" href=\"https:\/\/gersonguelmann.com.br\/blog\/um-milhao-e-seiscentas-mil-arvores-seis-filhos-falta-o-livro\/\" \/>\n<meta property=\"og:locale\" content=\"pt_BR\" \/>\n<meta property=\"og:type\" content=\"article\" \/>\n<meta property=\"og:title\" content=\"Um Milh\u00e3o e Seiscentas Mil \u00c1rvores, Seis Filhos. Falta o Livro. | Blog do Guelmann\" \/>\n<meta property=\"og:description\" content=\"Sempre ouvi a express\u00e3o &#8220;um ser humano precisa plantar uma \u00e1rvore, ter um filho e escrever um livro&#8220;, usada como uma esp\u00e9cie de mandamento para marcar nossa passagem pela Terra. Essa frase reflete a ideia de que, ap\u00f3s nossa partida, deixar\u00edamos ao mundo um legado duradouro no meio ambiente, na fam\u00edlia e na cultura. A [&hellip;]\" \/>\n<meta property=\"og:url\" content=\"https:\/\/gersonguelmann.com.br\/blog\/um-milhao-e-seiscentas-mil-arvores-seis-filhos-falta-o-livro\/\" \/>\n<meta property=\"og:site_name\" content=\"Blog do Guelmann\" \/>\n<meta property=\"og:image\" content=\"https:\/\/gersonguelmann.com.br\/blog\/wp-content\/uploads\/2025\/01\/HojePR-12-300x220.png\" \/>\n<meta name=\"twitter:card\" content=\"summary_large_image\" \/>\n<meta name=\"twitter:label1\" content=\"Est. tempo de leitura\" \/>\n\t<meta name=\"twitter:data1\" content=\"5 minutos\" \/>\n<script type=\"application\/ld+json\" class=\"yoast-schema-graph\">{\"@context\":\"https:\\\/\\\/schema.org\",\"@graph\":[{\"@type\":\"WebPage\",\"@id\":\"https:\\\/\\\/gersonguelmann.com.br\\\/blog\\\/um-milhao-e-seiscentas-mil-arvores-seis-filhos-falta-o-livro\\\/\",\"url\":\"https:\\\/\\\/gersonguelmann.com.br\\\/blog\\\/um-milhao-e-seiscentas-mil-arvores-seis-filhos-falta-o-livro\\\/\",\"name\":\"Um Milh\u00e3o e Seiscentas Mil \u00c1rvores, Seis Filhos. Falta o Livro. | Blog do Guelmann\",\"isPartOf\":{\"@id\":\"https:\\\/\\\/gersonguelmann.com.br\\\/blog\\\/#website\"},\"primaryImageOfPage\":{\"@id\":\"https:\\\/\\\/gersonguelmann.com.br\\\/blog\\\/um-milhao-e-seiscentas-mil-arvores-seis-filhos-falta-o-livro\\\/#primaryimage\"},\"image\":{\"@id\":\"https:\\\/\\\/gersonguelmann.com.br\\\/blog\\\/um-milhao-e-seiscentas-mil-arvores-seis-filhos-falta-o-livro\\\/#primaryimage\"},\"thumbnailUrl\":\"https:\\\/\\\/gersonguelmann.com.br\\\/blog\\\/wp-content\\\/uploads\\\/2025\\\/01\\\/HojePR-12-300x220.png\",\"datePublished\":\"2025-01-06T21:26:25+00:00\",\"inLanguage\":\"pt-BR\",\"potentialAction\":[{\"@type\":\"ReadAction\",\"target\":[\"https:\\\/\\\/gersonguelmann.com.br\\\/blog\\\/um-milhao-e-seiscentas-mil-arvores-seis-filhos-falta-o-livro\\\/\"]}]},{\"@type\":\"ImageObject\",\"inLanguage\":\"pt-BR\",\"@id\":\"https:\\\/\\\/gersonguelmann.com.br\\\/blog\\\/um-milhao-e-seiscentas-mil-arvores-seis-filhos-falta-o-livro\\\/#primaryimage\",\"url\":\"https:\\\/\\\/i0.wp.com\\\/gersonguelmann.com.br\\\/blog\\\/wp-content\\\/uploads\\\/2025\\\/01\\\/HojePR-12.png?fit=1400%2C1027&ssl=1\",\"contentUrl\":\"https:\\\/\\\/i0.wp.com\\\/gersonguelmann.com.br\\\/blog\\\/wp-content\\\/uploads\\\/2025\\\/01\\\/HojePR-12.png?fit=1400%2C1027&ssl=1\",\"width\":1400,\"height\":1027},{\"@type\":\"WebSite\",\"@id\":\"https:\\\/\\\/gersonguelmann.com.br\\\/blog\\\/#website\",\"url\":\"https:\\\/\\\/gersonguelmann.com.br\\\/blog\\\/\",\"name\":\"Blog do Guelmann\",\"description\":\"Pitadas da sabedoria e do humor judaicos, assuntos do momento e um pouco das hist\u00f3rias que vivi e testemunhei.\",\"potentialAction\":[{\"@type\":\"SearchAction\",\"target\":{\"@type\":\"EntryPoint\",\"urlTemplate\":\"https:\\\/\\\/gersonguelmann.com.br\\\/blog\\\/?s={search_term_string}\"},\"query-input\":{\"@type\":\"PropertyValueSpecification\",\"valueRequired\":true,\"valueName\":\"search_term_string\"}}],\"inLanguage\":\"pt-BR\"}]}<\/script>\n<!-- \/ Yoast SEO plugin. -->","yoast_head_json":{"title":"Um Milh\u00e3o e Seiscentas Mil \u00c1rvores, Seis Filhos. Falta o Livro. | Blog do Guelmann","robots":{"index":"index","follow":"follow","max-snippet":"max-snippet:-1","max-image-preview":"max-image-preview:large","max-video-preview":"max-video-preview:-1"},"canonical":"https:\/\/gersonguelmann.com.br\/blog\/um-milhao-e-seiscentas-mil-arvores-seis-filhos-falta-o-livro\/","og_locale":"pt_BR","og_type":"article","og_title":"Um Milh\u00e3o e Seiscentas Mil \u00c1rvores, Seis Filhos. Falta o Livro. | Blog do Guelmann","og_description":"Sempre ouvi a express\u00e3o &#8220;um ser humano precisa plantar uma \u00e1rvore, ter um filho e escrever um livro&#8220;, usada como uma esp\u00e9cie de mandamento para marcar nossa passagem pela Terra. Essa frase reflete a ideia de que, ap\u00f3s nossa partida, deixar\u00edamos ao mundo um legado duradouro no meio ambiente, na fam\u00edlia e na cultura. A [&hellip;]","og_url":"https:\/\/gersonguelmann.com.br\/blog\/um-milhao-e-seiscentas-mil-arvores-seis-filhos-falta-o-livro\/","og_site_name":"Blog do Guelmann","og_image":[{"url":"https:\/\/gersonguelmann.com.br\/blog\/wp-content\/uploads\/2025\/01\/HojePR-12-300x220.png","type":"","width":"","height":""}],"twitter_card":"summary_large_image","twitter_misc":{"Est. tempo de leitura":"5 minutos"},"schema":{"@context":"https:\/\/schema.org","@graph":[{"@type":"WebPage","@id":"https:\/\/gersonguelmann.com.br\/blog\/um-milhao-e-seiscentas-mil-arvores-seis-filhos-falta-o-livro\/","url":"https:\/\/gersonguelmann.com.br\/blog\/um-milhao-e-seiscentas-mil-arvores-seis-filhos-falta-o-livro\/","name":"Um Milh\u00e3o e Seiscentas Mil \u00c1rvores, Seis Filhos. Falta o Livro. | Blog do Guelmann","isPartOf":{"@id":"https:\/\/gersonguelmann.com.br\/blog\/#website"},"primaryImageOfPage":{"@id":"https:\/\/gersonguelmann.com.br\/blog\/um-milhao-e-seiscentas-mil-arvores-seis-filhos-falta-o-livro\/#primaryimage"},"image":{"@id":"https:\/\/gersonguelmann.com.br\/blog\/um-milhao-e-seiscentas-mil-arvores-seis-filhos-falta-o-livro\/#primaryimage"},"thumbnailUrl":"https:\/\/gersonguelmann.com.br\/blog\/wp-content\/uploads\/2025\/01\/HojePR-12-300x220.png","datePublished":"2025-01-06T21:26:25+00:00","inLanguage":"pt-BR","potentialAction":[{"@type":"ReadAction","target":["https:\/\/gersonguelmann.com.br\/blog\/um-milhao-e-seiscentas-mil-arvores-seis-filhos-falta-o-livro\/"]}]},{"@type":"ImageObject","inLanguage":"pt-BR","@id":"https:\/\/gersonguelmann.com.br\/blog\/um-milhao-e-seiscentas-mil-arvores-seis-filhos-falta-o-livro\/#primaryimage","url":"https:\/\/i0.wp.com\/gersonguelmann.com.br\/blog\/wp-content\/uploads\/2025\/01\/HojePR-12.png?fit=1400%2C1027&ssl=1","contentUrl":"https:\/\/i0.wp.com\/gersonguelmann.com.br\/blog\/wp-content\/uploads\/2025\/01\/HojePR-12.png?fit=1400%2C1027&ssl=1","width":1400,"height":1027},{"@type":"WebSite","@id":"https:\/\/gersonguelmann.com.br\/blog\/#website","url":"https:\/\/gersonguelmann.com.br\/blog\/","name":"Blog do Guelmann","description":"Pitadas da sabedoria e do humor judaicos, assuntos do momento e um pouco das hist\u00f3rias que vivi e testemunhei.","potentialAction":[{"@type":"SearchAction","target":{"@type":"EntryPoint","urlTemplate":"https:\/\/gersonguelmann.com.br\/blog\/?s={search_term_string}"},"query-input":{"@type":"PropertyValueSpecification","valueRequired":true,"valueName":"search_term_string"}}],"inLanguage":"pt-BR"}]}},"jetpack_shortlink":"https:\/\/wp.me\/P96e7O-6d9","jetpack-related-posts":[{"id":21568,"url":"https:\/\/gersonguelmann.com.br\/blog\/sobre\/","url_meta":{"origin":23879,"position":0},"title":"Sobre o Autor","author":"Any G.","date":"20 de fevereiro de 2021","format":false,"excerpt":"GERSON GUELMANN Setenta e oito anos, nascido e mal-criado em Curitiba\"Fui empres\u00e1rio, trabalhei em dezenas de campanhas pol\u00edticas e acabei indo para a administra\u00e7\u00e3o p\u00fablica. Em 2020 tentei ser Vereador e descobri que tenho milhares de amigos. Sou especialista em generalidades, conhe\u00e7o quase nada de muita coisa. Aqui, compartilho pitadas\u2026","rel":"","context":"Post similar","block_context":{"text":"Post similar","link":""},"img":{"alt_text":"Gerson Guelmann","src":"https:\/\/i0.wp.com\/gersonguelmann.com.br\/blog\/wp-content\/uploads\/2021\/02\/WhatsApp-Image-2021-02-20-at-15.45.01-225x300.jpeg?resize=350%2C200&ssl=1","width":350,"height":200},"classes":[]}],"jetpack_sharing_enabled":true,"post_mailing_queue_ids":[],"_links":{"self":[{"href":"https:\/\/gersonguelmann.com.br\/blog\/wp-json\/wp\/v2\/pages\/23879","targetHints":{"allow":["GET"]}}],"collection":[{"href":"https:\/\/gersonguelmann.com.br\/blog\/wp-json\/wp\/v2\/pages"}],"about":[{"href":"https:\/\/gersonguelmann.com.br\/blog\/wp-json\/wp\/v2\/types\/page"}],"author":[{"embeddable":true,"href":"https:\/\/gersonguelmann.com.br\/blog\/wp-json\/wp\/v2\/users\/5"}],"replies":[{"embeddable":true,"href":"https:\/\/gersonguelmann.com.br\/blog\/wp-json\/wp\/v2\/comments?post=23879"}],"version-history":[{"count":0,"href":"https:\/\/gersonguelmann.com.br\/blog\/wp-json\/wp\/v2\/pages\/23879\/revisions"}],"wp:attachment":[{"href":"https:\/\/gersonguelmann.com.br\/blog\/wp-json\/wp\/v2\/media?parent=23879"}],"curies":[{"name":"wp","href":"https:\/\/api.w.org\/{rel}","templated":true}]}}